{"id":649,"date":"2023-03-23T09:11:34","date_gmt":"2023-03-23T09:11:34","guid":{"rendered":"https:\/\/ontinardesalz.com\/?page_id=649"},"modified":"2023-06-26T08:19:16","modified_gmt":"2023-06-26T08:19:16","slug":"organos-de-gobierno","status":"publish","type":"page","link":"https:\/\/ontinardesalz.com\/index.php\/ayuntamiento\/organos-de-gobierno\/","title":{"rendered":"\u00d3rganos de Gobierno"},"content":{"rendered":"\t\t<div data-elementor-type=\"wp-page\" data-elementor-id=\"649\" class=\"elementor elementor-649\">\n\t\t\t\t\t\t\t\t\t<section class=\"elementor-section elementor-top-section elementor-element elementor-element-b12de5b elementor-section-height-min-height elementor-section-boxed elementor-section-height-default elementor-section-items-middle\" data-id=\"b12de5b\" data-element_type=\"section\" data-settings=\"{&quot;jet_parallax_layout_list&quot;:[{&quot;jet_parallax_layout_image&quot;:{&quot;url&quot;:&quot;&quot;,&quot;id&quot;:&quot;&quot;,&quot;size&quot;:&quot;&quot;},&quot;_id&quot;:&quot;ac91769&quot;,&quot;jet_parallax_layout_image_tablet&quot;:{&quot;url&quot;:&quot;&quot;,&quot;id&quot;:&quot;&quot;,&quot;size&quot;:&quot;&quot;},&quot;jet_parallax_layout_image_mobile&quot;:{&quot;url&quot;:&quot;&quot;,&quot;id&quot;:&quot;&quot;,&quot;size&quot;:&quot;&quot;},&quot;jet_parallax_layout_speed&quot;:{&quot;unit&quot;:&quot;%&quot;,&quot;size&quot;:&quot;50&quot;,&quot;sizes&quot;:[]},&quot;jet_parallax_layout_bg_x&quot;:&quot;50&quot;,&quot;jet_parallax_layout_bg_y&quot;:&quot;50&quot;,&quot;jet_parallax_layout_type&quot;:&quot;scroll&quot;,&quot;jet_parallax_layout_direction&quot;:null,&quot;jet_parallax_layout_fx_direction&quot;:null,&quot;jet_parallax_layout_z_index&quot;:&quot;&quot;,&quot;jet_parallax_layout_bg_x_tablet&quot;:&quot;&quot;,&quot;jet_parallax_layout_bg_x_mobile&quot;:&quot;&quot;,&quot;jet_parallax_layout_bg_y_tablet&quot;:&quot;&quot;,&quot;jet_parallax_layout_bg_y_mobile&quot;:&quot;&quot;,&quot;jet_parallax_layout_bg_size&quot;:&quot;auto&quot;,&quot;jet_parallax_layout_bg_size_tablet&quot;:&quot;&quot;,&quot;jet_parallax_layout_bg_size_mobile&quot;:&quot;&quot;,&quot;jet_parallax_layout_animation_prop&quot;:&quot;transform&quot;,&quot;jet_parallax_layout_on&quot;:[&quot;desktop&quot;,&quot;tablet&quot;]}],&quot;background_background&quot;:&quot;gradient&quot;}\">\n\t\t\t\t\t\t<div class=\"elementor-container elementor-column-gap-no\">\n\t\t\t\t\t<div class=\"elementor-column elementor-col-100 elementor-top-column elementor-element elementor-element-ace5f84\" data-id=\"ace5f84\" data-element_type=\"column\">\n\t\t\t<div class=\"elementor-widget-wrap elementor-element-populated\">\n\t\t\t\t\t\t\t\t<div class=\"elementor-element elementor-element-86edb73 elementor-widget elementor-widget-heading\" data-id=\"86edb73\" data-element_type=\"widget\" data-widget_type=\"heading.default\">\n\t\t\t\t<div class=\"elementor-widget-container\">\n\t\t\t<style>\/*! elementor - v3.11.5 - 14-03-2023 *\/\n.elementor-heading-title{padding:0;margin:0;line-height:1}.elementor-widget-heading .elementor-heading-title[class*=elementor-size-]>a{color:inherit;font-size:inherit;line-height:inherit}.elementor-widget-heading .elementor-heading-title.elementor-size-small{font-size:15px}.elementor-widget-heading .elementor-heading-title.elementor-size-medium{font-size:19px}.elementor-widget-heading .elementor-heading-title.elementor-size-large{font-size:29px}.elementor-widget-heading .elementor-heading-title.elementor-size-xl{font-size:39px}.elementor-widget-heading .elementor-heading-title.elementor-size-xxl{font-size:59px}<\/style><h1 class=\"elementor-heading-title elementor-size-default\">\u00d3rganos de Gobierno<\/h1>\t\t<\/div>\n\t\t\t\t<\/div>\n\t\t\t\t<div class=\"elementor-element elementor-element-fde341e elementor-align-center elementor-widget elementor-widget-raven-breadcrumbs\" data-id=\"fde341e\" data-element_type=\"widget\" data-widget_type=\"raven-breadcrumbs.default\">\n\t\t\t\t<div class=\"elementor-widget-container\">\n\t\t\t<div class=\"raven-breadcrumbs raven-breadcrumbs-default\"><div class=\"breadcrumb\">\t\t\t\t<div class=\"breadcrumb-item active\" aria-current=\"page\"><span>Home<\/span><\/div>\n\n\t\t\t\t<\/div><\/div>\t\t<\/div>\n\t\t\t\t<\/div>\n\t\t\t\t\t<\/div>\n\t\t<\/div>\n\t\t\t\t\t\t\t<\/div>\n\t\t<\/section>\n\t\t\t\t<section class=\"elementor-section elementor-top-section elementor-element elementor-element-ba9f652 elementor-section-boxed elementor-section-height-default elementor-section-height-default\" data-id=\"ba9f652\" data-element_type=\"section\" data-settings=\"{&quot;jet_parallax_layout_list&quot;:[{&quot;jet_parallax_layout_image&quot;:{&quot;url&quot;:&quot;&quot;,&quot;id&quot;:&quot;&quot;,&quot;size&quot;:&quot;&quot;},&quot;_id&quot;:&quot;c75a7bf&quot;,&quot;jet_parallax_layout_image_tablet&quot;:{&quot;url&quot;:&quot;&quot;,&quot;id&quot;:&quot;&quot;,&quot;size&quot;:&quot;&quot;},&quot;jet_parallax_layout_image_mobile&quot;:{&quot;url&quot;:&quot;&quot;,&quot;id&quot;:&quot;&quot;,&quot;size&quot;:&quot;&quot;},&quot;jet_parallax_layout_speed&quot;:{&quot;unit&quot;:&quot;%&quot;,&quot;size&quot;:&quot;50&quot;,&quot;sizes&quot;:[]},&quot;jet_parallax_layout_bg_x&quot;:&quot;50&quot;,&quot;jet_parallax_layout_bg_y&quot;:&quot;50&quot;,&quot;jet_parallax_layout_type&quot;:&quot;scroll&quot;,&quot;jet_parallax_layout_direction&quot;:null,&quot;jet_parallax_layout_fx_direction&quot;:null,&quot;jet_parallax_layout_z_index&quot;:&quot;&quot;,&quot;jet_parallax_layout_bg_x_tablet&quot;:&quot;&quot;,&quot;jet_parallax_layout_bg_x_mobile&quot;:&quot;&quot;,&quot;jet_parallax_layout_bg_y_tablet&quot;:&quot;&quot;,&quot;jet_parallax_layout_bg_y_mobile&quot;:&quot;&quot;,&quot;jet_parallax_layout_bg_size&quot;:&quot;auto&quot;,&quot;jet_parallax_layout_bg_size_tablet&quot;:&quot;&quot;,&quot;jet_parallax_layout_bg_size_mobile&quot;:&quot;&quot;,&quot;jet_parallax_layout_animation_prop&quot;:&quot;transform&quot;,&quot;jet_parallax_layout_on&quot;:[&quot;desktop&quot;,&quot;tablet&quot;]}]}\">\n\t\t\t\t\t\t<div class=\"elementor-container elementor-column-gap-no\">\n\t\t\t\t\t<div class=\"elementor-column elementor-col-100 elementor-top-column elementor-element elementor-element-0590e6f\" data-id=\"0590e6f\" data-element_type=\"column\">\n\t\t\t<div class=\"elementor-widget-wrap elementor-element-populated\">\n\t\t\t\t\t\t\t\t<div class=\"elementor-element elementor-element-741d593 elementor-widget elementor-widget-jet-team-member\" data-id=\"741d593\" data-element_type=\"widget\" data-widget_type=\"jet-team-member.default\">\n\t\t\t\t<div class=\"elementor-widget-container\">\n\t\t\t<div class=\"elementor-jet-team-member jet-elements\"><div class=\"jet-team-member\">\n\t<div class=\"jet-team-member__inner\">\n\t\t<div class=\"jet-team-member__image\">\n\t\t\t<div class=\"jet-team-member__cover\"><\/div>\n\t\t\t<figure class=\"jet-team-member__figure\"><img loading=\"lazy\" decoding=\"async\" width=\"274\" height=\"184\" src=\"https:\/\/ontinardesalz.com\/wp-content\/uploads\/2023\/06\/log-pp.png\" class=\"jet-team-member__img-tag\" alt=\"log-pp\" \/><\/figure>\t\t<\/div>\n\t\t<div class=\"jet-team-member__content\"><h3 class=\"jet-team-member__name\"><span class=\"jet-team-member__name-first\">Alfredo <\/span><span class=\"jet-team-member__name-last\"> Gaspar Cabrero<\/span><\/h3><div class=\"jet-team-member__position\"><span>ALCALDE<\/span><\/div><div class=\"jet-team-member__socials\"><div class=\"jet-team-member__socials-item\"><a href=\"#\" aria-label=\"\"><\/a><\/div><\/div><\/div>\n\t<\/div>\n<\/div>\n<\/div>\t\t<\/div>\n\t\t\t\t<\/div>\n\t\t\t\t<div class=\"elementor-element elementor-element-2ed23e0 elementor-widget elementor-widget-spacer\" data-id=\"2ed23e0\" data-element_type=\"widget\" data-widget_type=\"spacer.default\">\n\t\t\t\t<div class=\"elementor-widget-container\">\n\t\t\t<style>\/*! elementor - v3.11.5 - 14-03-2023 *\/\n.elementor-column .elementor-spacer-inner{height:var(--spacer-size)}.e-con{--container-widget-width:100%}.e-con-inner>.elementor-widget-spacer,.e-con>.elementor-widget-spacer{width:var(--container-widget-width,var(--spacer-size));--align-self:var(--container-widget-align-self,initial);--flex-shrink:0}.e-con-inner>.elementor-widget-spacer>.elementor-widget-container,.e-con-inner>.elementor-widget-spacer>.elementor-widget-container>.elementor-spacer,.e-con>.elementor-widget-spacer>.elementor-widget-container,.e-con>.elementor-widget-spacer>.elementor-widget-container>.elementor-spacer{height:100%}.e-con-inner>.elementor-widget-spacer>.elementor-widget-container>.elementor-spacer>.elementor-spacer-inner,.e-con>.elementor-widget-spacer>.elementor-widget-container>.elementor-spacer>.elementor-spacer-inner{height:var(--container-widget-height,var(--spacer-size))}<\/style>\t\t<div class=\"elementor-spacer\">\n\t\t\t<div class=\"elementor-spacer-inner\"><\/div>\n\t\t<\/div>\n\t\t\t\t<\/div>\n\t\t\t\t<\/div>\n\t\t\t\t<div class=\"elementor-element elementor-element-958cca7 elementor-widget elementor-widget-jet-team-member\" data-id=\"958cca7\" data-element_type=\"widget\" data-widget_type=\"jet-team-member.default\">\n\t\t\t\t<div class=\"elementor-widget-container\">\n\t\t\t<div class=\"elementor-jet-team-member jet-elements\"><div class=\"jet-team-member\">\n\t<div class=\"jet-team-member__inner\">\n\t\t<div class=\"jet-team-member__image\">\n\t\t\t<div class=\"jet-team-member__cover\"><\/div>\n\t\t\t<figure class=\"jet-team-member__figure\"><img loading=\"lazy\" decoding=\"async\" width=\"274\" height=\"184\" src=\"https:\/\/ontinardesalz.com\/wp-content\/uploads\/2023\/06\/log-pp.png\" class=\"jet-team-member__img-tag\" alt=\"log-pp\" \/><\/figure>\t\t<\/div>\n\t\t<div class=\"jet-team-member__content\"><h3 class=\"jet-team-member__name\"><span class=\"jet-team-member__name-first\">Virginia <\/span><span class=\"jet-team-member__name-last\"> Sisam\u00f3n Sancho<\/span><\/h3><div class=\"jet-team-member__position\"><span>1 TENIENTE ALCALDE Y VOCAL<\/span><\/div><div class=\"jet-team-member__socials\"><div class=\"jet-team-member__socials-item\"><a href=\"#\" aria-label=\"\"><\/a><\/div><\/div><\/div>\n\t<\/div>\n<\/div>\n<\/div>\t\t<\/div>\n\t\t\t\t<\/div>\n\t\t\t\t<div class=\"elementor-element elementor-element-11c18de elementor-widget elementor-widget-spacer\" data-id=\"11c18de\" data-element_type=\"widget\" data-widget_type=\"spacer.default\">\n\t\t\t\t<div class=\"elementor-widget-container\">\n\t\t\t\t\t<div class=\"elementor-spacer\">\n\t\t\t<div class=\"elementor-spacer-inner\"><\/div>\n\t\t<\/div>\n\t\t\t\t<\/div>\n\t\t\t\t<\/div>\n\t\t\t\t<div class=\"elementor-element elementor-element-647751d elementor-widget elementor-widget-jet-team-member\" data-id=\"647751d\" data-element_type=\"widget\" data-widget_type=\"jet-team-member.default\">\n\t\t\t\t<div class=\"elementor-widget-container\">\n\t\t\t<div class=\"elementor-jet-team-member jet-elements\"><div class=\"jet-team-member\">\n\t<div class=\"jet-team-member__inner\">\n\t\t<div class=\"jet-team-member__image\">\n\t\t\t<div class=\"jet-team-member__cover\"><\/div>\n\t\t\t<figure class=\"jet-team-member__figure\"><img loading=\"lazy\" decoding=\"async\" width=\"274\" height=\"184\" src=\"https:\/\/ontinardesalz.com\/wp-content\/uploads\/2023\/06\/log-pp.png\" class=\"jet-team-member__img-tag\" alt=\"log-pp\" \/><\/figure>\t\t<\/div>\n\t\t<div class=\"jet-team-member__content\"><h3 class=\"jet-team-member__name\"><span class=\"jet-team-member__name-first\">Antonio<\/span><span class=\"jet-team-member__name-last\"> Sancho Granel <\/span><\/h3><div class=\"jet-team-member__position\"><span>VOCAL<\/span><\/div><div class=\"jet-team-member__socials\"><div class=\"jet-team-member__socials-item\"><a href=\"#\" aria-label=\"\"><\/a><\/div><\/div><\/div>\n\t<\/div>\n<\/div>\n<\/div>\t\t<\/div>\n\t\t\t\t<\/div>\n\t\t\t\t<section class=\"elementor-section elementor-inner-section elementor-element elementor-element-aea3ad6 elementor-section-boxed elementor-section-height-default elementor-section-height-default\" data-id=\"aea3ad6\" data-element_type=\"section\" data-settings=\"{&quot;jet_parallax_layout_list&quot;:[]}\">\n\t\t\t\t\t\t<div class=\"elementor-container elementor-column-gap-default\">\n\t\t\t\t\t<div class=\"elementor-column elementor-col-50 elementor-inner-column elementor-element elementor-element-bc6b9ab\" data-id=\"bc6b9ab\" data-element_type=\"column\">\n\t\t\t<div class=\"elementor-widget-wrap elementor-element-populated\">\n\t\t\t\t\t\t\t\t<div class=\"elementor-element elementor-element-53af75c elementor-widget elementor-widget-jet-team-member\" data-id=\"53af75c\" data-element_type=\"widget\" data-widget_type=\"jet-team-member.default\">\n\t\t\t\t<div class=\"elementor-widget-container\">\n\t\t\t<div class=\"elementor-jet-team-member jet-elements\"><div class=\"jet-team-member\">\n\t<div class=\"jet-team-member__inner\">\n\t\t<div class=\"jet-team-member__image\">\n\t\t\t<div class=\"jet-team-member__cover\"><\/div>\n\t\t\t<figure class=\"jet-team-member__figure\"><img loading=\"lazy\" decoding=\"async\" width=\"450\" height=\"318\" src=\"https:\/\/ontinardesalz.com\/wp-content\/uploads\/2023\/03\/PSOE.png\" class=\"jet-team-member__img-tag\" alt=\"PSOE\" srcset=\"https:\/\/ontinardesalz.com\/wp-content\/uploads\/2023\/03\/PSOE.png 450w, https:\/\/ontinardesalz.com\/wp-content\/uploads\/2023\/03\/PSOE-300x212.png 300w\" sizes=\"auto, (max-width: 450px) 100vw, 450px\" \/><\/figure>\t\t<\/div>\n\t\t<div class=\"jet-team-member__content\"><h3 class=\"jet-team-member__name\"><span class=\"jet-team-member__name-first\">M\u00aa Jos\u00e9 <\/span><span class=\"jet-team-member__name-last\"> Giral Miguel<\/span><\/h3><div class=\"jet-team-member__position\"><span>VOCAL<\/span><\/div><div class=\"jet-team-member__socials\"><div class=\"jet-team-member__socials-item\"><a href=\"#\" aria-label=\"\"><\/a><\/div><\/div><\/div>\n\t<\/div>\n<\/div>\n<\/div>\t\t<\/div>\n\t\t\t\t<\/div>\n\t\t\t\t\t<\/div>\n\t\t<\/div>\n\t\t\t\t<div class=\"elementor-column elementor-col-50 elementor-inner-column elementor-element elementor-element-a7f9999\" data-id=\"a7f9999\" data-element_type=\"column\">\n\t\t\t<div class=\"elementor-widget-wrap elementor-element-populated\">\n\t\t\t\t\t\t\t\t<div class=\"elementor-element elementor-element-a3ae315 elementor-widget elementor-widget-jet-team-member\" data-id=\"a3ae315\" data-element_type=\"widget\" data-widget_type=\"jet-team-member.default\">\n\t\t\t\t<div class=\"elementor-widget-container\">\n\t\t\t<div class=\"elementor-jet-team-member jet-elements\"><div class=\"jet-team-member\">\n\t<div class=\"jet-team-member__inner\">\n\t\t<div class=\"jet-team-member__image\">\n\t\t\t<div class=\"jet-team-member__cover\"><\/div>\n\t\t\t<figure class=\"jet-team-member__figure\"><img loading=\"lazy\" decoding=\"async\" width=\"450\" height=\"318\" src=\"https:\/\/ontinardesalz.com\/wp-content\/uploads\/2023\/03\/PSOE.png\" class=\"jet-team-member__img-tag\" alt=\"PSOE\" srcset=\"https:\/\/ontinardesalz.com\/wp-content\/uploads\/2023\/03\/PSOE.png 450w, https:\/\/ontinardesalz.com\/wp-content\/uploads\/2023\/03\/PSOE-300x212.png 300w\" sizes=\"auto, (max-width: 450px) 100vw, 450px\" \/><\/figure>\t\t<\/div>\n\t\t<div class=\"jet-team-member__content\"><h3 class=\"jet-team-member__name\"><span class=\"jet-team-member__name-first\">Nuria <\/span><span class=\"jet-team-member__name-last\"> D\u00edaz Murillo<\/span><\/h3><div class=\"jet-team-member__position\"><span>VOCAL<\/span><\/div><div class=\"jet-team-member__socials\"><div class=\"jet-team-member__socials-item\"><a href=\"#\" aria-label=\"\"><\/a><\/div><\/div><\/div>\n\t<\/div>\n<\/div>\n<\/div>\t\t<\/div>\n\t\t\t\t<\/div>\n\t\t\t\t\t<\/div>\n\t\t<\/div>\n\t\t\t\t\t\t\t<\/div>\n\t\t<\/section>\n\t\t\t\t\t<\/div>\n\t\t<\/div>\n\t\t\t\t\t\t\t<\/div>\n\t\t<\/section>\n\t\t\t\t\t\t\t<\/div>\n\t\t","protected":false},"excerpt":{"rendered":"<p>\u00d3rganos de Gobierno Home Alfredo Gaspar Cabrero ALCALDE Virginia Sisam\u00f3n Sancho 1 TENIENTE ALCALDE Y VOCAL Antonio Sancho Granel VOCAL M\u00aa Jos\u00e9 Giral Miguel VOCAL Nuria D\u00edaz Murillo VOCAL<\/p>\n","protected":false},"author":1,"featured_media":0,"parent":747,"menu_order":0,"comment_status":"closed","ping_status":"closed","template":"full-width.php","meta":{"footnotes":""},"class_list":["post-649","page","type-page","status-publish","hentry"],"acf":[],"yoast_head":"<!-- This site is optimized with the Yoast SEO plugin v20.3 - https:\/\/yoast.com\/wordpress\/plugins\/seo\/ -->\n<title>\u00d3rganos de Gobierno - Ayuntamiento Ontinar de Salz<\/title>\n<meta name=\"robots\" content=\"index, follow, max-snippet:-1, max-image-preview:large, max-video-preview:-1\" \/>\n<link rel=\"canonical\" href=\"https:\/\/ontinardesalz.com\/index.php\/ayuntamiento\/organos-de-gobierno\/\" \/>\n<meta property=\"og:locale\" content=\"es_ES\" \/>\n<meta property=\"og:type\" content=\"article\" \/>\n<meta property=\"og:title\" content=\"\u00d3rganos de Gobierno - Ayuntamiento Ontinar de Salz\" \/>\n<meta property=\"og:description\" content=\"\u00d3rganos de Gobierno Home Alfredo Gaspar Cabrero ALCALDE Virginia Sisam\u00f3n Sancho 1 TENIENTE ALCALDE Y VOCAL Antonio Sancho Granel VOCAL M\u00aa Jos\u00e9 Giral Miguel VOCAL Nuria D\u00edaz Murillo VOCAL\" \/>\n<meta property=\"og:url\" content=\"https:\/\/ontinardesalz.com\/index.php\/ayuntamiento\/organos-de-gobierno\/\" \/>\n<meta property=\"og:site_name\" content=\"Ayuntamiento Ontinar de Salz\" \/>\n<meta property=\"article:publisher\" content=\"https:\/\/www.facebook.com\/Ayuntamiento-Ontinar-de-Salz-107654295995638\/\" \/>\n<meta property=\"article:modified_time\" content=\"2023-06-26T08:19:16+00:00\" \/>\n<meta property=\"og:image\" content=\"https:\/\/ontinardesalz.com\/wp-content\/uploads\/2023\/06\/log-pp.png\" \/>\n<meta name=\"twitter:card\" content=\"summary_large_image\" \/>\n<meta name=\"twitter:label1\" content=\"Tiempo de lectura\" \/>\n\t<meta name=\"twitter:data1\" content=\"2 minutos\" \/>\n<script type=\"application\/ld+json\" class=\"yoast-schema-graph\">{\"@context\":\"https:\/\/schema.org\",\"@graph\":[{\"@type\":\"WebPage\",\"@id\":\"https:\/\/ontinardesalz.com\/index.php\/ayuntamiento\/organos-de-gobierno\/\",\"url\":\"https:\/\/ontinardesalz.com\/index.php\/ayuntamiento\/organos-de-gobierno\/\",\"name\":\"\u00d3rganos de Gobierno - Ayuntamiento Ontinar de Salz\",\"isPartOf\":{\"@id\":\"https:\/\/ontinardesalz.com\/#website\"},\"datePublished\":\"2023-03-23T09:11:34+00:00\",\"dateModified\":\"2023-06-26T08:19:16+00:00\",\"breadcrumb\":{\"@id\":\"https:\/\/ontinardesalz.com\/index.php\/ayuntamiento\/organos-de-gobierno\/#breadcrumb\"},\"inLanguage\":\"es\",\"potentialAction\":[{\"@type\":\"ReadAction\",\"target\":[\"https:\/\/ontinardesalz.com\/index.php\/ayuntamiento\/organos-de-gobierno\/\"]}]},{\"@type\":\"BreadcrumbList\",\"@id\":\"https:\/\/ontinardesalz.com\/index.php\/ayuntamiento\/organos-de-gobierno\/#breadcrumb\",\"itemListElement\":[{\"@type\":\"ListItem\",\"position\":1,\"name\":\"Inicio\",\"item\":\"https:\/\/ontinardesalz.com\/\"},{\"@type\":\"ListItem\",\"position\":2,\"name\":\"Ayuntamiento\",\"item\":\"https:\/\/ontinardesalz.com\/index.php\/ayuntamiento\/\"},{\"@type\":\"ListItem\",\"position\":3,\"name\":\"\u00d3rganos de Gobierno\"}]},{\"@type\":\"WebSite\",\"@id\":\"https:\/\/ontinardesalz.com\/#website\",\"url\":\"https:\/\/ontinardesalz.com\/\",\"name\":\"Ayuntamiento Ontinar de Salz\",\"description\":\"\",\"publisher\":{\"@id\":\"https:\/\/ontinardesalz.com\/#organization\"},\"potentialAction\":[{\"@type\":\"SearchAction\",\"target\":{\"@type\":\"EntryPoint\",\"urlTemplate\":\"https:\/\/ontinardesalz.com\/?s={search_term_string}\"},\"query-input\":\"required name=search_term_string\"}],\"inLanguage\":\"es\"},{\"@type\":\"Organization\",\"@id\":\"https:\/\/ontinardesalz.com\/#organization\",\"name\":\"Ayuntamiento Ontinar de Salz\",\"url\":\"https:\/\/ontinardesalz.com\/\",\"logo\":{\"@type\":\"ImageObject\",\"inLanguage\":\"es\",\"@id\":\"https:\/\/ontinardesalz.com\/#\/schema\/logo\/image\/\",\"url\":\"https:\/\/ontinardesalz.com\/wp-content\/uploads\/2023\/04\/cropped-Escudo_Ontinar_de_Salz-Fav.png\",\"contentUrl\":\"https:\/\/ontinardesalz.com\/wp-content\/uploads\/2023\/04\/cropped-Escudo_Ontinar_de_Salz-Fav.png\",\"width\":512,\"height\":512,\"caption\":\"Ayuntamiento Ontinar de Salz\"},\"image\":{\"@id\":\"https:\/\/ontinardesalz.com\/#\/schema\/logo\/image\/\"},\"sameAs\":[\"https:\/\/www.facebook.com\/Ayuntamiento-Ontinar-de-Salz-107654295995638\/\"]}]}<\/script>\n<!-- \/ Yoast SEO plugin. -->","yoast_head_json":{"title":"\u00d3rganos de Gobierno - Ayuntamiento Ontinar de Salz","robots":{"index":"index","follow":"follow","max-snippet":"max-snippet:-1","max-image-preview":"max-image-preview:large","max-video-preview":"max-video-preview:-1"},"canonical":"https:\/\/ontinardesalz.com\/index.php\/ayuntamiento\/organos-de-gobierno\/","og_locale":"es_ES","og_type":"article","og_title":"\u00d3rganos de Gobierno - Ayuntamiento Ontinar de Salz","og_description":"\u00d3rganos de Gobierno Home Alfredo Gaspar Cabrero ALCALDE Virginia Sisam\u00f3n Sancho 1 TENIENTE ALCALDE Y VOCAL Antonio Sancho Granel VOCAL M\u00aa Jos\u00e9 Giral Miguel VOCAL Nuria D\u00edaz Murillo VOCAL","og_url":"https:\/\/ontinardesalz.com\/index.php\/ayuntamiento\/organos-de-gobierno\/","og_site_name":"Ayuntamiento Ontinar de Salz","article_publisher":"https:\/\/www.facebook.com\/Ayuntamiento-Ontinar-de-Salz-107654295995638\/","article_modified_time":"2023-06-26T08:19:16+00:00","og_image":[{"url":"https:\/\/ontinardesalz.com\/wp-content\/uploads\/2023\/06\/log-pp.png"}],"twitter_card":"summary_large_image","twitter_misc":{"Tiempo de lectura":"2 minutos"},"schema":{"@context":"https:\/\/schema.org","@graph":[{"@type":"WebPage","@id":"https:\/\/ontinardesalz.com\/index.php\/ayuntamiento\/organos-de-gobierno\/","url":"https:\/\/ontinardesalz.com\/index.php\/ayuntamiento\/organos-de-gobierno\/","name":"\u00d3rganos de Gobierno - Ayuntamiento Ontinar de Salz","isPartOf":{"@id":"https:\/\/ontinardesalz.com\/#website"},"datePublished":"2023-03-23T09:11:34+00:00","dateModified":"2023-06-26T08:19:16+00:00","breadcrumb":{"@id":"https:\/\/ontinardesalz.com\/index.php\/ayuntamiento\/organos-de-gobierno\/#breadcrumb"},"inLanguage":"es","potentialAction":[{"@type":"ReadAction","target":["https:\/\/ontinardesalz.com\/index.php\/ayuntamiento\/organos-de-gobierno\/"]}]},{"@type":"BreadcrumbList","@id":"https:\/\/ontinardesalz.com\/index.php\/ayuntamiento\/organos-de-gobierno\/#breadcrumb","itemListElement":[{"@type":"ListItem","position":1,"name":"Inicio","item":"https:\/\/ontinardesalz.com\/"},{"@type":"ListItem","position":2,"name":"Ayuntamiento","item":"https:\/\/ontinardesalz.com\/index.php\/ayuntamiento\/"},{"@type":"ListItem","position":3,"name":"\u00d3rganos de Gobierno"}]},{"@type":"WebSite","@id":"https:\/\/ontinardesalz.com\/#website","url":"https:\/\/ontinardesalz.com\/","name":"Ayuntamiento Ontinar de Salz","description":"","publisher":{"@id":"https:\/\/ontinardesalz.com\/#organization"},"potentialAction":[{"@type":"SearchAction","target":{"@type":"EntryPoint","urlTemplate":"https:\/\/ontinardesalz.com\/?s={search_term_string}"},"query-input":"required name=search_term_string"}],"inLanguage":"es"},{"@type":"Organization","@id":"https:\/\/ontinardesalz.com\/#organization","name":"Ayuntamiento Ontinar de Salz","url":"https:\/\/ontinardesalz.com\/","logo":{"@type":"ImageObject","inLanguage":"es","@id":"https:\/\/ontinardesalz.com\/#\/schema\/logo\/image\/","url":"https:\/\/ontinardesalz.com\/wp-content\/uploads\/2023\/04\/cropped-Escudo_Ontinar_de_Salz-Fav.png","contentUrl":"https:\/\/ontinardesalz.com\/wp-content\/uploads\/2023\/04\/cropped-Escudo_Ontinar_de_Salz-Fav.png","width":512,"height":512,"caption":"Ayuntamiento Ontinar de Salz"},"image":{"@id":"https:\/\/ontinardesalz.com\/#\/schema\/logo\/image\/"},"sameAs":["https:\/\/www.facebook.com\/Ayuntamiento-Ontinar-de-Salz-107654295995638\/"]}]}},"_links":{"self":[{"href":"https:\/\/ontinardesalz.com\/index.php\/wp-json\/wp\/v2\/pages\/649","targetHints":{"allow":["GET"]}}],"collection":[{"href":"https:\/\/ontinardesalz.com\/index.php\/wp-json\/wp\/v2\/pages"}],"about":[{"href":"https:\/\/ontinardesalz.com\/index.php\/wp-json\/wp\/v2\/types\/page"}],"author":[{"embeddable":true,"href":"https:\/\/ontinardesalz.com\/index.php\/wp-json\/wp\/v2\/users\/1"}],"replies":[{"embeddable":true,"href":"https:\/\/ontinardesalz.com\/index.php\/wp-json\/wp\/v2\/comments?post=649"}],"version-history":[{"count":22,"href":"https:\/\/ontinardesalz.com\/index.php\/wp-json\/wp\/v2\/pages\/649\/revisions"}],"predecessor-version":[{"id":1782,"href":"https:\/\/ontinardesalz.com\/index.php\/wp-json\/wp\/v2\/pages\/649\/revisions\/1782"}],"up":[{"embeddable":true,"href":"https:\/\/ontinardesalz.com\/index.php\/wp-json\/wp\/v2\/pages\/747"}],"wp:attachment":[{"href":"https:\/\/ontinardesalz.com\/index.php\/wp-json\/wp\/v2\/media?parent=649"}],"curies":[{"name":"wp","href":"https:\/\/api.w.org\/{rel}","templated":true}]}}