{"id":741,"date":"2023-03-23T11:14:07","date_gmt":"2023-03-23T11:14:07","guid":{"rendered":"https:\/\/ontinardesalz.com\/?page_id=741"},"modified":"2023-05-05T08:39:04","modified_gmt":"2023-05-05T08:39:04","slug":"telefonos-de-interes","status":"publish","type":"page","link":"https:\/\/ontinardesalz.com\/index.php\/municipio\/telefonos-de-interes\/","title":{"rendered":"Tel\u00e9fonos de inter\u00e9s"},"content":{"rendered":"\t\t<div data-elementor-type=\"wp-page\" data-elementor-id=\"741\" class=\"elementor elementor-741\">\n\t\t\t\t\t\t\t\t\t<section class=\"elementor-section elementor-top-section elementor-element elementor-element-b12de5b elementor-section-height-min-height elementor-section-boxed elementor-section-height-default elementor-section-items-middle\" data-id=\"b12de5b\" data-element_type=\"section\" data-settings=\"{&quot;jet_parallax_layout_list&quot;:[{&quot;jet_parallax_layout_image&quot;:{&quot;url&quot;:&quot;&quot;,&quot;id&quot;:&quot;&quot;,&quot;size&quot;:&quot;&quot;},&quot;_id&quot;:&quot;ac91769&quot;,&quot;jet_parallax_layout_image_tablet&quot;:{&quot;url&quot;:&quot;&quot;,&quot;id&quot;:&quot;&quot;,&quot;size&quot;:&quot;&quot;},&quot;jet_parallax_layout_image_mobile&quot;:{&quot;url&quot;:&quot;&quot;,&quot;id&quot;:&quot;&quot;,&quot;size&quot;:&quot;&quot;},&quot;jet_parallax_layout_speed&quot;:{&quot;unit&quot;:&quot;%&quot;,&quot;size&quot;:&quot;50&quot;,&quot;sizes&quot;:[]},&quot;jet_parallax_layout_bg_x&quot;:&quot;50&quot;,&quot;jet_parallax_layout_bg_y&quot;:&quot;50&quot;,&quot;jet_parallax_layout_type&quot;:&quot;scroll&quot;,&quot;jet_parallax_layout_direction&quot;:null,&quot;jet_parallax_layout_fx_direction&quot;:null,&quot;jet_parallax_layout_z_index&quot;:&quot;&quot;,&quot;jet_parallax_layout_bg_x_tablet&quot;:&quot;&quot;,&quot;jet_parallax_layout_bg_x_mobile&quot;:&quot;&quot;,&quot;jet_parallax_layout_bg_y_tablet&quot;:&quot;&quot;,&quot;jet_parallax_layout_bg_y_mobile&quot;:&quot;&quot;,&quot;jet_parallax_layout_bg_size&quot;:&quot;auto&quot;,&quot;jet_parallax_layout_bg_size_tablet&quot;:&quot;&quot;,&quot;jet_parallax_layout_bg_size_mobile&quot;:&quot;&quot;,&quot;jet_parallax_layout_animation_prop&quot;:&quot;transform&quot;,&quot;jet_parallax_layout_on&quot;:[&quot;desktop&quot;,&quot;tablet&quot;]}],&quot;background_background&quot;:&quot;gradient&quot;}\">\n\t\t\t\t\t\t<div class=\"elementor-container elementor-column-gap-no\">\n\t\t\t\t\t<div class=\"elementor-column elementor-col-100 elementor-top-column elementor-element elementor-element-ace5f84\" data-id=\"ace5f84\" data-element_type=\"column\">\n\t\t\t<div class=\"elementor-widget-wrap elementor-element-populated\">\n\t\t\t\t\t\t\t\t<div class=\"elementor-element elementor-element-86edb73 elementor-widget elementor-widget-heading\" data-id=\"86edb73\" data-element_type=\"widget\" data-widget_type=\"heading.default\">\n\t\t\t\t<div class=\"elementor-widget-container\">\n\t\t\t<style>\/*! elementor - v3.11.5 - 14-03-2023 *\/\n.elementor-heading-title{padding:0;margin:0;line-height:1}.elementor-widget-heading .elementor-heading-title[class*=elementor-size-]>a{color:inherit;font-size:inherit;line-height:inherit}.elementor-widget-heading .elementor-heading-title.elementor-size-small{font-size:15px}.elementor-widget-heading .elementor-heading-title.elementor-size-medium{font-size:19px}.elementor-widget-heading .elementor-heading-title.elementor-size-large{font-size:29px}.elementor-widget-heading .elementor-heading-title.elementor-size-xl{font-size:39px}.elementor-widget-heading .elementor-heading-title.elementor-size-xxl{font-size:59px}<\/style><h1 class=\"elementor-heading-title elementor-size-default\">Tel\u00e9fonos de inter\u00e9s<\/h1>\t\t<\/div>\n\t\t\t\t<\/div>\n\t\t\t\t<div class=\"elementor-element elementor-element-4b66da9 elementor-align-center elementor-widget elementor-widget-raven-breadcrumbs\" data-id=\"4b66da9\" data-element_type=\"widget\" data-widget_type=\"raven-breadcrumbs.default\">\n\t\t\t\t<div class=\"elementor-widget-container\">\n\t\t\t<div class=\"raven-breadcrumbs raven-breadcrumbs-default\"><div class=\"breadcrumb\">\t\t\t\t<div class=\"breadcrumb-item active\" aria-current=\"page\"><span>Home<\/span><\/div>\n\n\t\t\t\t<\/div><\/div>\t\t<\/div>\n\t\t\t\t<\/div>\n\t\t\t\t\t<\/div>\n\t\t<\/div>\n\t\t\t\t\t\t\t<\/div>\n\t\t<\/section>\n\t\t\t\t<section class=\"elementor-section elementor-top-section elementor-element elementor-element-ba9f652 elementor-section-boxed elementor-section-height-default elementor-section-height-default\" data-id=\"ba9f652\" data-element_type=\"section\" data-settings=\"{&quot;jet_parallax_layout_list&quot;:[{&quot;jet_parallax_layout_image&quot;:{&quot;url&quot;:&quot;&quot;,&quot;id&quot;:&quot;&quot;,&quot;size&quot;:&quot;&quot;},&quot;_id&quot;:&quot;c75a7bf&quot;,&quot;jet_parallax_layout_image_tablet&quot;:{&quot;url&quot;:&quot;&quot;,&quot;id&quot;:&quot;&quot;,&quot;size&quot;:&quot;&quot;},&quot;jet_parallax_layout_image_mobile&quot;:{&quot;url&quot;:&quot;&quot;,&quot;id&quot;:&quot;&quot;,&quot;size&quot;:&quot;&quot;},&quot;jet_parallax_layout_speed&quot;:{&quot;unit&quot;:&quot;%&quot;,&quot;size&quot;:&quot;50&quot;,&quot;sizes&quot;:[]},&quot;jet_parallax_layout_bg_x&quot;:&quot;50&quot;,&quot;jet_parallax_layout_bg_y&quot;:&quot;50&quot;,&quot;jet_parallax_layout_type&quot;:&quot;scroll&quot;,&quot;jet_parallax_layout_direction&quot;:null,&quot;jet_parallax_layout_fx_direction&quot;:null,&quot;jet_parallax_layout_z_index&quot;:&quot;&quot;,&quot;jet_parallax_layout_bg_x_tablet&quot;:&quot;&quot;,&quot;jet_parallax_layout_bg_x_mobile&quot;:&quot;&quot;,&quot;jet_parallax_layout_bg_y_tablet&quot;:&quot;&quot;,&quot;jet_parallax_layout_bg_y_mobile&quot;:&quot;&quot;,&quot;jet_parallax_layout_bg_size&quot;:&quot;auto&quot;,&quot;jet_parallax_layout_bg_size_tablet&quot;:&quot;&quot;,&quot;jet_parallax_layout_bg_size_mobile&quot;:&quot;&quot;,&quot;jet_parallax_layout_animation_prop&quot;:&quot;transform&quot;,&quot;jet_parallax_layout_on&quot;:[&quot;desktop&quot;,&quot;tablet&quot;]}]}\">\n\t\t\t\t\t\t<div class=\"elementor-container elementor-column-gap-no\">\n\t\t\t\t\t<div class=\"elementor-column elementor-col-100 elementor-top-column elementor-element elementor-element-0590e6f\" data-id=\"0590e6f\" data-element_type=\"column\">\n\t\t\t<div class=\"elementor-widget-wrap elementor-element-populated\">\n\t\t\t\t\t\t\t\t<div class=\"elementor-element elementor-element-c4ee570 elementor-widget elementor-widget-spacer\" data-id=\"c4ee570\" data-element_type=\"widget\" data-widget_type=\"spacer.default\">\n\t\t\t\t<div class=\"elementor-widget-container\">\n\t\t\t<style>\/*! elementor - v3.11.5 - 14-03-2023 *\/\n.elementor-column .elementor-spacer-inner{height:var(--spacer-size)}.e-con{--container-widget-width:100%}.e-con-inner>.elementor-widget-spacer,.e-con>.elementor-widget-spacer{width:var(--container-widget-width,var(--spacer-size));--align-self:var(--container-widget-align-self,initial);--flex-shrink:0}.e-con-inner>.elementor-widget-spacer>.elementor-widget-container,.e-con-inner>.elementor-widget-spacer>.elementor-widget-container>.elementor-spacer,.e-con>.elementor-widget-spacer>.elementor-widget-container,.e-con>.elementor-widget-spacer>.elementor-widget-container>.elementor-spacer{height:100%}.e-con-inner>.elementor-widget-spacer>.elementor-widget-container>.elementor-spacer>.elementor-spacer-inner,.e-con>.elementor-widget-spacer>.elementor-widget-container>.elementor-spacer>.elementor-spacer-inner{height:var(--container-widget-height,var(--spacer-size))}<\/style>\t\t<div class=\"elementor-spacer\">\n\t\t\t<div class=\"elementor-spacer-inner\"><\/div>\n\t\t<\/div>\n\t\t\t\t<\/div>\n\t\t\t\t<\/div>\n\t\t\t\t\t<\/div>\n\t\t<\/div>\n\t\t\t\t\t\t\t<\/div>\n\t\t<\/section>\n\t\t\t\t<section class=\"elementor-section elementor-top-section elementor-element elementor-element-3fd8de0 elementor-section-boxed elementor-section-height-default elementor-section-height-default\" data-id=\"3fd8de0\" data-element_type=\"section\" data-settings=\"{&quot;jet_parallax_layout_list&quot;:[{&quot;jet_parallax_layout_image&quot;:{&quot;url&quot;:&quot;&quot;,&quot;id&quot;:&quot;&quot;,&quot;size&quot;:&quot;&quot;},&quot;_id&quot;:&quot;4bfdf89&quot;,&quot;jet_parallax_layout_image_tablet&quot;:{&quot;url&quot;:&quot;&quot;,&quot;id&quot;:&quot;&quot;,&quot;size&quot;:&quot;&quot;},&quot;jet_parallax_layout_image_mobile&quot;:{&quot;url&quot;:&quot;&quot;,&quot;id&quot;:&quot;&quot;,&quot;size&quot;:&quot;&quot;},&quot;jet_parallax_layout_speed&quot;:{&quot;unit&quot;:&quot;%&quot;,&quot;size&quot;:&quot;50&quot;,&quot;sizes&quot;:[]},&quot;jet_parallax_layout_bg_x&quot;:&quot;50&quot;,&quot;jet_parallax_layout_bg_y&quot;:&quot;50&quot;,&quot;jet_parallax_layout_type&quot;:&quot;scroll&quot;,&quot;jet_parallax_layout_direction&quot;:null,&quot;jet_parallax_layout_fx_direction&quot;:null,&quot;jet_parallax_layout_z_index&quot;:&quot;&quot;,&quot;jet_parallax_layout_bg_x_tablet&quot;:&quot;&quot;,&quot;jet_parallax_layout_bg_x_mobile&quot;:&quot;&quot;,&quot;jet_parallax_layout_bg_y_tablet&quot;:&quot;&quot;,&quot;jet_parallax_layout_bg_y_mobile&quot;:&quot;&quot;,&quot;jet_parallax_layout_bg_size&quot;:&quot;auto&quot;,&quot;jet_parallax_layout_bg_size_tablet&quot;:&quot;&quot;,&quot;jet_parallax_layout_bg_size_mobile&quot;:&quot;&quot;,&quot;jet_parallax_layout_animation_prop&quot;:&quot;transform&quot;,&quot;jet_parallax_layout_on&quot;:[&quot;desktop&quot;,&quot;tablet&quot;]}],&quot;background_background&quot;:&quot;classic&quot;}\">\n\t\t\t\t\t\t<div class=\"elementor-container elementor-column-gap-no\">\n\t\t\t\t\t<div class=\"elementor-column elementor-col-100 elementor-top-column elementor-element elementor-element-dcc4645\" data-id=\"dcc4645\" data-element_type=\"column\">\n\t\t\t<div class=\"elementor-widget-wrap elementor-element-populated\">\n\t\t\t\t\t\t\t\t<section class=\"elementor-section elementor-inner-section elementor-element elementor-element-544abb6 elementor-section-boxed elementor-section-height-default elementor-section-height-default\" data-id=\"544abb6\" data-element_type=\"section\" data-settings=\"{&quot;jet_parallax_layout_list&quot;:[]}\">\n\t\t\t\t\t\t<div class=\"elementor-container elementor-column-gap-default\">\n\t\t\t\t\t<div class=\"elementor-column elementor-col-50 elementor-inner-column elementor-element elementor-element-0db36c3\" data-id=\"0db36c3\" data-element_type=\"column\">\n\t\t\t<div class=\"elementor-widget-wrap elementor-element-populated\">\n\t\t\t\t\t\t\t\t<div class=\"elementor-element elementor-element-7fd46a2 elementor-widget elementor-widget-heading\" data-id=\"7fd46a2\" data-element_type=\"widget\" data-widget_type=\"heading.default\">\n\t\t\t\t<div class=\"elementor-widget-container\">\n\t\t\t<h3 class=\"elementor-heading-title elementor-size-default\">Directorio<\/h3>\t\t<\/div>\n\t\t\t\t<\/div>\n\t\t\t\t<div class=\"elementor-element elementor-element-201c98e elementor-widget elementor-widget-text-editor\" data-id=\"201c98e\" data-element_type=\"widget\" data-widget_type=\"text-editor.default\">\n\t\t\t\t<div class=\"elementor-widget-container\">\n\t\t\t<style>\/*! elementor - v3.11.5 - 14-03-2023 *\/\n.elementor-widget-text-editor.elementor-drop-cap-view-stacked .elementor-drop-cap{background-color:#818a91;color:#fff}.elementor-widget-text-editor.elementor-drop-cap-view-framed .elementor-drop-cap{color:#818a91;border:3px solid;background-color:transparent}.elementor-widget-text-editor:not(.elementor-drop-cap-view-default) .elementor-drop-cap{margin-top:8px}.elementor-widget-text-editor:not(.elementor-drop-cap-view-default) .elementor-drop-cap-letter{width:1em;height:1em}.elementor-widget-text-editor .elementor-drop-cap{float:left;text-align:center;line-height:1;font-size:50px}.elementor-widget-text-editor .elementor-drop-cap-letter{display:inline-block}<\/style>\t\t\t\t<p class=\"p1\"><strong>AYUNTAMIENTO ONTINAR DE SALZ<br \/><\/strong>976 693 119<br \/>Plaza Mayor, 04<\/p><p>\u00a0<\/p><p class=\"p1\"><strong>ESCUELA INFANTIL<\/strong><br \/>625 179 633<br \/>C\/Sol, 15<\/p><p>\u00a0<\/p><p class=\"p1\"><strong>COMPLEJO POLIDEPORTIVO<br \/><\/strong>976 693 009<br \/>C\/Sol S\/N<\/p><p>\u00a0<\/p><p class=\"p1\"><strong>CONSULTORIO M\u00c9DICO<\/strong><br \/>976 693 122<br \/>Plaza Mayor, 02<\/p><p>\u00a0<\/p><p class=\"p1\"><strong>ESCUELAS P\u00daBLICAS<\/strong><br \/>976 693 169<br \/>Plaza Escuelas S\/N<\/p>\t\t\t\t\t\t<\/div>\n\t\t\t\t<\/div>\n\t\t\t\t\t<\/div>\n\t\t<\/div>\n\t\t\t\t<div class=\"elementor-column elementor-col-50 elementor-inner-column elementor-element elementor-element-c417f84\" data-id=\"c417f84\" data-element_type=\"column\">\n\t\t\t<div class=\"elementor-widget-wrap elementor-element-populated\">\n\t\t\t\t\t\t\t\t<div class=\"elementor-element elementor-element-d122482 elementor-widget elementor-widget-heading\" data-id=\"d122482\" data-element_type=\"widget\" data-widget_type=\"heading.default\">\n\t\t\t\t<div class=\"elementor-widget-container\">\n\t\t\t<h3 class=\"elementor-heading-title elementor-size-default\">Tel\u00e9fonos de urgencia<\/h3>\t\t<\/div>\n\t\t\t\t<\/div>\n\t\t\t\t<div class=\"elementor-element elementor-element-3fbcb2c elementor-widget elementor-widget-text-editor\" data-id=\"3fbcb2c\" data-element_type=\"widget\" data-widget_type=\"text-editor.default\">\n\t\t\t\t<div class=\"elementor-widget-container\">\n\t\t\t\t\t\t\t<p class=\"p1\"><strong>EMERGENCIAS<\/strong><br \/>112<\/p><p>\u00a0<\/p><p class=\"p1\"><strong>CRUZ ROJA<\/strong><br \/>976 680 250<br \/>Barrio el Portazgo (Zuera)<\/p><p>\u00a0<\/p><p class=\"p1\"><strong>URGENCIAS M\u00c9DICAS<br \/><\/strong>976 690 034<br \/>C\/ Puilatos (Zuera)<\/p><p>\u00a0<\/p><p class=\"p1\"><strong>GUARDIA CIVIL<\/strong><br \/>976 681 239<br \/>Camino de San Juan S\/N (Zuera)<\/p><p>\u00a0<\/p><p class=\"p1\"><strong>POLICIA LOCAL<\/strong><br \/>976 694 869<br \/>C\/San Pedro, 65 (Zuera)<\/p>\t\t\t\t\t\t<\/div>\n\t\t\t\t<\/div>\n\t\t\t\t\t<\/div>\n\t\t<\/div>\n\t\t\t\t\t\t\t<\/div>\n\t\t<\/section>\n\t\t\t\t<section class=\"elementor-section elementor-inner-section elementor-element elementor-element-f9b4837 elementor-section-boxed elementor-section-height-default elementor-section-height-default\" data-id=\"f9b4837\" data-element_type=\"section\" data-settings=\"{&quot;jet_parallax_layout_list&quot;:[]}\">\n\t\t\t\t\t\t<div class=\"elementor-container elementor-column-gap-default\">\n\t\t\t\t\t<div class=\"elementor-column elementor-col-50 elementor-inner-column elementor-element elementor-element-f92de96\" data-id=\"f92de96\" data-element_type=\"column\">\n\t\t\t<div class=\"elementor-widget-wrap\">\n\t\t\t\t\t\t\t\t\t<\/div>\n\t\t<\/div>\n\t\t\t\t<div class=\"elementor-column elementor-col-50 elementor-inner-column elementor-element elementor-element-8ed691a\" data-id=\"8ed691a\" data-element_type=\"column\">\n\t\t\t<div class=\"elementor-widget-wrap elementor-element-populated\">\n\t\t\t\t\t\t\t\t<div class=\"elementor-element elementor-element-b7b01c5 elementor-widget elementor-widget-heading\" data-id=\"b7b01c5\" data-element_type=\"widget\" data-widget_type=\"heading.default\">\n\t\t\t\t<div class=\"elementor-widget-container\">\n\t\t\t<h3 class=\"elementor-heading-title elementor-size-default\">Otros tel\u00e9fonos de inter\u00e9s<\/h3>\t\t<\/div>\n\t\t\t\t<\/div>\n\t\t\t\t<div class=\"elementor-element elementor-element-e5acb3b elementor-widget elementor-widget-text-editor\" data-id=\"e5acb3b\" data-element_type=\"widget\" data-widget_type=\"text-editor.default\">\n\t\t\t\t<div class=\"elementor-widget-container\">\n\t\t\t\t\t\t\t<p class=\"p1\"><strong>AYUNTAMIENTO DE ZUERA<\/strong><br \/>976 680 002<br \/>Plaza Espa\u00f1a, 03 (Zuera)<\/p><p>\u00a0<\/p><p class=\"p1\"><strong>MANCOMUNIDAD DEL BAJO G\u00c1LLEGO<\/strong><br \/>976 681 119<br \/>(Ayuntamiento de Zuera)<\/p><p>\u00a0<\/p><p class=\"p1\"><strong>OFICINA COMARCAL AGROAMBIENTAL (OCA)<\/strong><br \/>976 694 466<\/p><p class=\"p1\">\u00a0<\/p>\t\t\t\t\t\t<\/div>\n\t\t\t\t<\/div>\n\t\t\t\t\t<\/div>\n\t\t<\/div>\n\t\t\t\t\t\t\t<\/div>\n\t\t<\/section>\n\t\t\t\t\t<\/div>\n\t\t<\/div>\n\t\t\t\t\t\t\t<\/div>\n\t\t<\/section>\n\t\t\t\t\t\t\t<\/div>\n\t\t","protected":false},"excerpt":{"rendered":"<p>Tel\u00e9fonos de inter\u00e9s Home Directorio AYUNTAMIENTO ONTINAR DE SALZ 976 693 119 Plaza Mayor, 04 ESCUELA INFANTIL 625 179 633 C\/Sol, 15 COMPLEJO POLIDEPORTIVO 976 693 009 C\/Sol S\/N CONSULTORIO M\u00c9DICO 976 693 122 Plaza Mayor, 02 ESCUELAS P\u00daBLICAS 976 693 169 Plaza Escuelas S\/N Tel\u00e9fonos de urgencia EMERGENCIAS 112 CRUZ ROJA 976 680 250 [&hellip;]<\/p>\n","protected":false},"author":1,"featured_media":0,"parent":749,"menu_order":0,"comment_status":"closed","ping_status":"closed","template":"full-width.php","meta":{"footnotes":""},"class_list":["post-741","page","type-page","status-publish","hentry"],"acf":[],"yoast_head":"<!-- This site is optimized with the Yoast SEO plugin v20.3 - https:\/\/yoast.com\/wordpress\/plugins\/seo\/ -->\n<title>Tel\u00e9fonos de inter\u00e9s - Ayuntamiento Ontinar de Salz<\/title>\n<meta name=\"description\" content=\"Tel\u00e9fonos de inter\u00e9s del municipio.\" \/>\n<meta name=\"robots\" content=\"index, follow, max-snippet:-1, max-image-preview:large, max-video-preview:-1\" \/>\n<link rel=\"canonical\" href=\"https:\/\/ontinardesalz.com\/index.php\/municipio\/telefonos-de-interes\/\" \/>\n<meta property=\"og:locale\" content=\"es_ES\" \/>\n<meta property=\"og:type\" content=\"article\" \/>\n<meta property=\"og:title\" content=\"Tel\u00e9fonos de inter\u00e9s - Ayuntamiento Ontinar de Salz\" \/>\n<meta property=\"og:description\" content=\"Tel\u00e9fonos de inter\u00e9s del municipio.\" \/>\n<meta property=\"og:url\" content=\"https:\/\/ontinardesalz.com\/index.php\/municipio\/telefonos-de-interes\/\" \/>\n<meta property=\"og:site_name\" content=\"Ayuntamiento Ontinar de Salz\" \/>\n<meta property=\"article:publisher\" content=\"https:\/\/www.facebook.com\/Ayuntamiento-Ontinar-de-Salz-107654295995638\/\" \/>\n<meta property=\"article:modified_time\" content=\"2023-05-05T08:39:04+00:00\" \/>\n<meta name=\"twitter:card\" content=\"summary_large_image\" \/>\n<meta name=\"twitter:label1\" content=\"Tiempo de lectura\" \/>\n\t<meta name=\"twitter:data1\" content=\"1 minuto\" \/>\n<script type=\"application\/ld+json\" class=\"yoast-schema-graph\">{\"@context\":\"https:\/\/schema.org\",\"@graph\":[{\"@type\":\"WebPage\",\"@id\":\"https:\/\/ontinardesalz.com\/index.php\/municipio\/telefonos-de-interes\/\",\"url\":\"https:\/\/ontinardesalz.com\/index.php\/municipio\/telefonos-de-interes\/\",\"name\":\"Tel\u00e9fonos de inter\u00e9s - Ayuntamiento Ontinar de Salz\",\"isPartOf\":{\"@id\":\"https:\/\/ontinardesalz.com\/#website\"},\"datePublished\":\"2023-03-23T11:14:07+00:00\",\"dateModified\":\"2023-05-05T08:39:04+00:00\",\"description\":\"Tel\u00e9fonos de inter\u00e9s del municipio.\",\"breadcrumb\":{\"@id\":\"https:\/\/ontinardesalz.com\/index.php\/municipio\/telefonos-de-interes\/#breadcrumb\"},\"inLanguage\":\"es\",\"potentialAction\":[{\"@type\":\"ReadAction\",\"target\":[\"https:\/\/ontinardesalz.com\/index.php\/municipio\/telefonos-de-interes\/\"]}]},{\"@type\":\"BreadcrumbList\",\"@id\":\"https:\/\/ontinardesalz.com\/index.php\/municipio\/telefonos-de-interes\/#breadcrumb\",\"itemListElement\":[{\"@type\":\"ListItem\",\"position\":1,\"name\":\"Inicio\",\"item\":\"https:\/\/ontinardesalz.com\/\"},{\"@type\":\"ListItem\",\"position\":2,\"name\":\"Municipio\",\"item\":\"https:\/\/ontinardesalz.com\/index.php\/municipio\/\"},{\"@type\":\"ListItem\",\"position\":3,\"name\":\"Tel\u00e9fonos de inter\u00e9s\"}]},{\"@type\":\"WebSite\",\"@id\":\"https:\/\/ontinardesalz.com\/#website\",\"url\":\"https:\/\/ontinardesalz.com\/\",\"name\":\"Ayuntamiento Ontinar de Salz\",\"description\":\"\",\"publisher\":{\"@id\":\"https:\/\/ontinardesalz.com\/#organization\"},\"potentialAction\":[{\"@type\":\"SearchAction\",\"target\":{\"@type\":\"EntryPoint\",\"urlTemplate\":\"https:\/\/ontinardesalz.com\/?s={search_term_string}\"},\"query-input\":\"required name=search_term_string\"}],\"inLanguage\":\"es\"},{\"@type\":\"Organization\",\"@id\":\"https:\/\/ontinardesalz.com\/#organization\",\"name\":\"Ayuntamiento Ontinar de Salz\",\"url\":\"https:\/\/ontinardesalz.com\/\",\"logo\":{\"@type\":\"ImageObject\",\"inLanguage\":\"es\",\"@id\":\"https:\/\/ontinardesalz.com\/#\/schema\/logo\/image\/\",\"url\":\"https:\/\/ontinardesalz.com\/wp-content\/uploads\/2023\/04\/cropped-Escudo_Ontinar_de_Salz-Fav.png\",\"contentUrl\":\"https:\/\/ontinardesalz.com\/wp-content\/uploads\/2023\/04\/cropped-Escudo_Ontinar_de_Salz-Fav.png\",\"width\":512,\"height\":512,\"caption\":\"Ayuntamiento Ontinar de Salz\"},\"image\":{\"@id\":\"https:\/\/ontinardesalz.com\/#\/schema\/logo\/image\/\"},\"sameAs\":[\"https:\/\/www.facebook.com\/Ayuntamiento-Ontinar-de-Salz-107654295995638\/\"]}]}<\/script>\n<!-- \/ Yoast SEO plugin. -->","yoast_head_json":{"title":"Tel\u00e9fonos de inter\u00e9s - Ayuntamiento Ontinar de Salz","description":"Tel\u00e9fonos de inter\u00e9s del municipio.","robots":{"index":"index","follow":"follow","max-snippet":"max-snippet:-1","max-image-preview":"max-image-preview:large","max-video-preview":"max-video-preview:-1"},"canonical":"https:\/\/ontinardesalz.com\/index.php\/municipio\/telefonos-de-interes\/","og_locale":"es_ES","og_type":"article","og_title":"Tel\u00e9fonos de inter\u00e9s - Ayuntamiento Ontinar de Salz","og_description":"Tel\u00e9fonos de inter\u00e9s del municipio.","og_url":"https:\/\/ontinardesalz.com\/index.php\/municipio\/telefonos-de-interes\/","og_site_name":"Ayuntamiento Ontinar de Salz","article_publisher":"https:\/\/www.facebook.com\/Ayuntamiento-Ontinar-de-Salz-107654295995638\/","article_modified_time":"2023-05-05T08:39:04+00:00","twitter_card":"summary_large_image","twitter_misc":{"Tiempo de lectura":"1 minuto"},"schema":{"@context":"https:\/\/schema.org","@graph":[{"@type":"WebPage","@id":"https:\/\/ontinardesalz.com\/index.php\/municipio\/telefonos-de-interes\/","url":"https:\/\/ontinardesalz.com\/index.php\/municipio\/telefonos-de-interes\/","name":"Tel\u00e9fonos de inter\u00e9s - Ayuntamiento Ontinar de Salz","isPartOf":{"@id":"https:\/\/ontinardesalz.com\/#website"},"datePublished":"2023-03-23T11:14:07+00:00","dateModified":"2023-05-05T08:39:04+00:00","description":"Tel\u00e9fonos de inter\u00e9s del municipio.","breadcrumb":{"@id":"https:\/\/ontinardesalz.com\/index.php\/municipio\/telefonos-de-interes\/#breadcrumb"},"inLanguage":"es","potentialAction":[{"@type":"ReadAction","target":["https:\/\/ontinardesalz.com\/index.php\/municipio\/telefonos-de-interes\/"]}]},{"@type":"BreadcrumbList","@id":"https:\/\/ontinardesalz.com\/index.php\/municipio\/telefonos-de-interes\/#breadcrumb","itemListElement":[{"@type":"ListItem","position":1,"name":"Inicio","item":"https:\/\/ontinardesalz.com\/"},{"@type":"ListItem","position":2,"name":"Municipio","item":"https:\/\/ontinardesalz.com\/index.php\/municipio\/"},{"@type":"ListItem","position":3,"name":"Tel\u00e9fonos de inter\u00e9s"}]},{"@type":"WebSite","@id":"https:\/\/ontinardesalz.com\/#website","url":"https:\/\/ontinardesalz.com\/","name":"Ayuntamiento Ontinar de Salz","description":"","publisher":{"@id":"https:\/\/ontinardesalz.com\/#organization"},"potentialAction":[{"@type":"SearchAction","target":{"@type":"EntryPoint","urlTemplate":"https:\/\/ontinardesalz.com\/?s={search_term_string}"},"query-input":"required name=search_term_string"}],"inLanguage":"es"},{"@type":"Organization","@id":"https:\/\/ontinardesalz.com\/#organization","name":"Ayuntamiento Ontinar de Salz","url":"https:\/\/ontinardesalz.com\/","logo":{"@type":"ImageObject","inLanguage":"es","@id":"https:\/\/ontinardesalz.com\/#\/schema\/logo\/image\/","url":"https:\/\/ontinardesalz.com\/wp-content\/uploads\/2023\/04\/cropped-Escudo_Ontinar_de_Salz-Fav.png","contentUrl":"https:\/\/ontinardesalz.com\/wp-content\/uploads\/2023\/04\/cropped-Escudo_Ontinar_de_Salz-Fav.png","width":512,"height":512,"caption":"Ayuntamiento Ontinar de Salz"},"image":{"@id":"https:\/\/ontinardesalz.com\/#\/schema\/logo\/image\/"},"sameAs":["https:\/\/www.facebook.com\/Ayuntamiento-Ontinar-de-Salz-107654295995638\/"]}]}},"_links":{"self":[{"href":"https:\/\/ontinardesalz.com\/index.php\/wp-json\/wp\/v2\/pages\/741","targetHints":{"allow":["GET"]}}],"collection":[{"href":"https:\/\/ontinardesalz.com\/index.php\/wp-json\/wp\/v2\/pages"}],"about":[{"href":"https:\/\/ontinardesalz.com\/index.php\/wp-json\/wp\/v2\/types\/page"}],"author":[{"embeddable":true,"href":"https:\/\/ontinardesalz.com\/index.php\/wp-json\/wp\/v2\/users\/1"}],"replies":[{"embeddable":true,"href":"https:\/\/ontinardesalz.com\/index.php\/wp-json\/wp\/v2\/comments?post=741"}],"version-history":[{"count":17,"href":"https:\/\/ontinardesalz.com\/index.php\/wp-json\/wp\/v2\/pages\/741\/revisions"}],"predecessor-version":[{"id":1616,"href":"https:\/\/ontinardesalz.com\/index.php\/wp-json\/wp\/v2\/pages\/741\/revisions\/1616"}],"up":[{"embeddable":true,"href":"https:\/\/ontinardesalz.com\/index.php\/wp-json\/wp\/v2\/pages\/749"}],"wp:attachment":[{"href":"https:\/\/ontinardesalz.com\/index.php\/wp-json\/wp\/v2\/media?parent=741"}],"curies":[{"name":"wp","href":"https:\/\/api.w.org\/{rel}","templated":true}]}}