{"id":747,"date":"2023-03-23T11:18:54","date_gmt":"2023-03-23T11:18:54","guid":{"rendered":"https:\/\/ontinardesalz.com\/?page_id=747"},"modified":"2023-06-23T11:14:33","modified_gmt":"2023-06-23T11:14:33","slug":"ayuntamiento","status":"publish","type":"page","link":"https:\/\/ontinardesalz.com\/index.php\/ayuntamiento\/","title":{"rendered":"Ayuntamiento"},"content":{"rendered":"\t\t<div data-elementor-type=\"wp-page\" data-elementor-id=\"747\" class=\"elementor elementor-747\">\n\t\t\t\t\t\t\t\t\t<section class=\"elementor-section elementor-top-section elementor-element elementor-element-284c065 elementor-section-full_width elementor-section-height-default elementor-section-height-default\" data-id=\"284c065\" data-element_type=\"section\" data-settings=\"{&quot;jet_parallax_layout_list&quot;:[{&quot;jet_parallax_layout_image&quot;:{&quot;url&quot;:&quot;&quot;,&quot;id&quot;:&quot;&quot;,&quot;size&quot;:&quot;&quot;},&quot;_id&quot;:&quot;31c2f7a&quot;,&quot;jet_parallax_layout_image_tablet&quot;:{&quot;url&quot;:&quot;&quot;,&quot;id&quot;:&quot;&quot;,&quot;size&quot;:&quot;&quot;},&quot;jet_parallax_layout_image_mobile&quot;:{&quot;url&quot;:&quot;&quot;,&quot;id&quot;:&quot;&quot;,&quot;size&quot;:&quot;&quot;},&quot;jet_parallax_layout_speed&quot;:{&quot;unit&quot;:&quot;%&quot;,&quot;size&quot;:&quot;50&quot;,&quot;sizes&quot;:[]},&quot;jet_parallax_layout_bg_x&quot;:&quot;50&quot;,&quot;jet_parallax_layout_bg_y&quot;:&quot;50&quot;,&quot;jet_parallax_layout_type&quot;:&quot;scroll&quot;,&quot;jet_parallax_layout_direction&quot;:null,&quot;jet_parallax_layout_fx_direction&quot;:null,&quot;jet_parallax_layout_z_index&quot;:&quot;&quot;,&quot;jet_parallax_layout_bg_x_tablet&quot;:&quot;&quot;,&quot;jet_parallax_layout_bg_x_mobile&quot;:&quot;&quot;,&quot;jet_parallax_layout_bg_y_tablet&quot;:&quot;&quot;,&quot;jet_parallax_layout_bg_y_mobile&quot;:&quot;&quot;,&quot;jet_parallax_layout_bg_size&quot;:&quot;auto&quot;,&quot;jet_parallax_layout_bg_size_tablet&quot;:&quot;&quot;,&quot;jet_parallax_layout_bg_size_mobile&quot;:&quot;&quot;,&quot;jet_parallax_layout_animation_prop&quot;:&quot;transform&quot;,&quot;jet_parallax_layout_on&quot;:[&quot;desktop&quot;,&quot;tablet&quot;]}]}\">\n\t\t\t\t\t\t<div class=\"elementor-container elementor-column-gap-no\">\n\t\t\t\t\t<div class=\"elementor-column elementor-col-100 elementor-top-column elementor-element elementor-element-aea12f6\" data-id=\"aea12f6\" data-element_type=\"column\">\n\t\t\t<div class=\"elementor-widget-wrap elementor-element-populated\">\n\t\t\t\t\t\t\t\t<div class=\"elementor-element elementor-element-95e067d elementor-widget elementor-widget-jet-slider\" data-id=\"95e067d\" data-element_type=\"widget\" data-settings=\"{&quot;slider_height_mobile&quot;:{&quot;unit&quot;:&quot;px&quot;,&quot;size&quot;:&quot;450&quot;,&quot;sizes&quot;:[]},&quot;slider_height&quot;:{&quot;unit&quot;:&quot;px&quot;,&quot;size&quot;:650,&quot;sizes&quot;:[]},&quot;slider_height_tablet&quot;:{&quot;unit&quot;:&quot;px&quot;,&quot;size&quot;:&quot;&quot;,&quot;sizes&quot;:[]}}\" data-widget_type=\"jet-slider.default\">\n\t\t\t\t<div class=\"elementor-widget-container\">\n\t\t\t<div class=\"elementor-jet-slider jet-elements\">\n<div class=\"jet-slider jet-slider__image-exact\" data-settings='{\"sliderWidth\":{\"unit\":\"%\",\"size\":100,\"sizes\":[]},\"sliderHeight\":{\"unit\":\"px\",\"size\":650,\"sizes\":[]},\"sliderNavigation\":true,\"sliderNavigationIcon\":\"jet-slider__arrow-icon-95e067d\",\"sliderNaviOnHover\":false,\"sliderPagination\":false,\"sliderAutoplay\":true,\"sliderAutoplayDelay\":5000,\"sliderAutoplayOnHover\":\"pause\",\"sliderFullScreen\":false,\"sliderFullscreenIcon\":\"jet-slider__fullscreen-icon-95e067d\",\"sliderShuffle\":false,\"sliderLoop\":true,\"sliderFadeMode\":false,\"slideDistance\":{\"unit\":\"px\",\"size\":\"0\",\"sizes\":[]},\"slideDuration\":500,\"imageScaleMode\":\"exact\",\"thumbnails\":false,\"thumbnailWidth\":120,\"thumbnailHeight\":80,\"rightToLeft\":false,\"touchswipe\":true,\"fractionPag\":false}'>\n\t\n<div class=\"slider-pro\"><div class=\"jet-slider__arrow-icon-95e067d hidden-html\"><svg xmlns=\"http:\/\/www.w3.org\/2000\/svg\" id=\"home-left-arrow\" width=\"6.447\" height=\"12.042\" viewBox=\"0 0 6.447 12.042\"><path id=\"Path_46\" data-name=\"Path 46\" d=\"M39.12,18.418a.426.426,0,0,0,.6,0,.426.426,0,0,0,0-.6l-5.294-5.295,5.294-5.295a.426.426,0,0,0-.6-.6l-5.6,5.6a.426.426,0,0,0,0,.6Z\" transform=\"translate(-33.4 -6.5)\" fill=\"#ffffff\"><\/path><\/svg><\/div><div class=\"jet-slider__fullscreen-icon-95e067d hidden-html\"><\/div><div class=\"jet-slider__items sp-slides\">\n\n<div  class=\"jet-slider__item sp-slide elementor-repeater-item-b81b716\"><img decoding=\"async\" class=\"sp-image\" src=\"https:\/\/ontinardesalz.com\/wp-content\/uploads\/2023\/05\/Alfredo-Gaspar-Cabrero-slider.jpg\" alt=\"Alfredo-Gaspar-Cabrero-slider\" loading=\"lazy\"><div class=\"jet-slider__content sp-layer \" data-position=\"centerCenter\" data-width=\"100%\" data-height=\"100%\" data-horizontal=\"0%\" data-show-transition=\"up\" data-show-duration=\"400\" data-show-delay=\"400\" >\n\t\t<div class=\"jet-slider__content-item\">\n\t\t\t<div class=\"jet-slider__content-inner\"><h6 class=\"jet-slider__title\">Ayuntamiento<\/h6><h1 class=\"jet-slider__subtitle\">Saluda del alcalde<\/h1>\n\t\t\t\t\t\t<div class=\"jet-slider__button-wrapper\"><a class=\"elementor-button elementor-size-md jet-slider__button jet-slider__button--primary\" href=\"https:\/\/ontinardesalz.com\/index.php\/ayuntamiento\/bienvenida\/\">VER M\u00c1S<\/a>\t\t\t\t\t\t<\/div><\/div>\n\t\t<\/div>\n\t\t\t<\/div>\n<\/div>\n\n<div  class=\"jet-slider__item sp-slide elementor-repeater-item-17d451c\"><img decoding=\"async\" class=\"sp-image\" src=\"https:\/\/ontinardesalz.com\/wp-content\/uploads\/2023\/04\/Plaza-Mayor-scaled.jpg\" alt=\"Plaza-Mayor\" loading=\"lazy\"><div class=\"jet-slider__content sp-layer \" data-position=\"centerCenter\" data-width=\"100%\" data-height=\"100%\" data-horizontal=\"0%\" data-show-transition=\"up\" data-show-duration=\"400\" data-show-delay=\"400\" >\n\t\t<div class=\"jet-slider__content-item\">\n\t\t\t<div class=\"jet-slider__content-inner\"><h6 class=\"jet-slider__title\">Ayuntamiento<\/h6><h2 class=\"jet-slider__subtitle\">\u00d3rganos de Gobierno<\/h2>\n\t\t\t\t\t\t<div class=\"jet-slider__button-wrapper\"><a class=\"elementor-button elementor-size-md jet-slider__button jet-slider__button--primary\" href=\"https:\/\/ontinardesalz.com\/index.php\/ayuntamiento\/organos-de-gobierno\/\">VER M\u00c1S<\/a>\t\t\t\t\t\t<\/div><\/div>\n\t\t<\/div>\n\t\t\t<\/div>\n<\/div>\n\n<div  class=\"jet-slider__item sp-slide elementor-repeater-item-021e056\"><img decoding=\"async\" class=\"sp-image\" src=\"https:\/\/ontinardesalz.com\/wp-content\/uploads\/2023\/04\/Parque-Constitucion.jpg\" alt=\"Parque-Constitucio\u0301n\" loading=\"lazy\"><div class=\"jet-slider__content sp-layer \" data-position=\"centerCenter\" data-width=\"100%\" data-height=\"100%\" data-horizontal=\"0%\" data-show-transition=\"up\" data-show-duration=\"400\" data-show-delay=\"400\" >\n\t\t<div class=\"jet-slider__content-item\">\n\t\t\t<div class=\"jet-slider__content-inner\"><h6 class=\"jet-slider__title\">Ayuntamiento<\/h6><h2 class=\"jet-slider__subtitle\">\u00c1reas<\/h2>\n\t\t\t\t\t\t<div class=\"jet-slider__button-wrapper\"><a class=\"elementor-button elementor-size-md jet-slider__button jet-slider__button--primary\" href=\"https:\/\/ontinardesalz.com\/index.php\/ayuntamiento\/areas\/\">VER M\u00c1S<\/a>\t\t\t\t\t\t<\/div><\/div>\n\t\t<\/div>\n\t\t\t<\/div>\n<\/div>\n\n<\/div>\n<\/div>\n<\/div>\n<\/div>\t\t<\/div>\n\t\t\t\t<\/div>\n\t\t\t\t\t<\/div>\n\t\t<\/div>\n\t\t\t\t\t\t\t<\/div>\n\t\t<\/section>\n\t\t\t\t<section class=\"elementor-section elementor-top-section elementor-element elementor-element-7886d4d elementor-section-boxed elementor-section-height-default elementor-section-height-default\" data-id=\"7886d4d\" data-element_type=\"section\" data-settings=\"{&quot;jet_parallax_layout_list&quot;:[{&quot;jet_parallax_layout_image&quot;:{&quot;url&quot;:&quot;&quot;,&quot;id&quot;:&quot;&quot;,&quot;size&quot;:&quot;&quot;},&quot;_id&quot;:&quot;5bd116d&quot;,&quot;jet_parallax_layout_image_tablet&quot;:{&quot;url&quot;:&quot;&quot;,&quot;id&quot;:&quot;&quot;,&quot;size&quot;:&quot;&quot;},&quot;jet_parallax_layout_image_mobile&quot;:{&quot;url&quot;:&quot;&quot;,&quot;id&quot;:&quot;&quot;,&quot;size&quot;:&quot;&quot;},&quot;jet_parallax_layout_speed&quot;:{&quot;unit&quot;:&quot;%&quot;,&quot;size&quot;:&quot;50&quot;,&quot;sizes&quot;:[]},&quot;jet_parallax_layout_bg_x&quot;:&quot;50&quot;,&quot;jet_parallax_layout_bg_y&quot;:&quot;50&quot;,&quot;jet_parallax_layout_type&quot;:&quot;scroll&quot;,&quot;jet_parallax_layout_direction&quot;:null,&quot;jet_parallax_layout_fx_direction&quot;:null,&quot;jet_parallax_layout_z_index&quot;:&quot;&quot;,&quot;jet_parallax_layout_bg_x_tablet&quot;:&quot;&quot;,&quot;jet_parallax_layout_bg_x_mobile&quot;:&quot;&quot;,&quot;jet_parallax_layout_bg_y_tablet&quot;:&quot;&quot;,&quot;jet_parallax_layout_bg_y_mobile&quot;:&quot;&quot;,&quot;jet_parallax_layout_bg_size&quot;:&quot;auto&quot;,&quot;jet_parallax_layout_bg_size_tablet&quot;:&quot;&quot;,&quot;jet_parallax_layout_bg_size_mobile&quot;:&quot;&quot;,&quot;jet_parallax_layout_animation_prop&quot;:&quot;transform&quot;,&quot;jet_parallax_layout_on&quot;:[&quot;desktop&quot;,&quot;tablet&quot;]}],&quot;background_background&quot;:&quot;classic&quot;}\">\n\t\t\t\t\t\t<div class=\"elementor-container elementor-column-gap-no\">\n\t\t\t\t\t<div class=\"elementor-column elementor-col-33 elementor-top-column elementor-element elementor-element-1c774d2\" data-id=\"1c774d2\" data-element_type=\"column\">\n\t\t\t<div class=\"elementor-widget-wrap elementor-element-populated\">\n\t\t\t\t\t\t\t\t<div class=\"elementor-element elementor-element-a50cb5d elementor-view-default elementor-mobile-position-top elementor-vertical-align-top elementor-widget elementor-widget-icon-box\" data-id=\"a50cb5d\" data-element_type=\"widget\" data-widget_type=\"icon-box.default\">\n\t\t\t\t<div class=\"elementor-widget-container\">\n\t\t\t<link rel=\"stylesheet\" href=\"https:\/\/ontinardesalz.com\/wp-content\/plugins\/elementor\/assets\/css\/widget-icon-box.min.css\">\t\t<div class=\"elementor-icon-box-wrapper\">\n\t\t\t\t\t\t<div class=\"elementor-icon-box-icon\">\n\t\t\t\t<a class=\"elementor-icon elementor-animation-pulse-shrink\" href=\"https:\/\/ontinardesalz.com\/index.php\/ayuntamiento\/bienvenida\/\">\n\t\t\t\t<i aria-hidden=\"true\" class=\"far fa-comment\"><\/i>\t\t\t\t<\/a>\n\t\t\t<\/div>\n\t\t\t\t\t\t<div class=\"elementor-icon-box-content\">\n\t\t\t\t<h4 class=\"elementor-icon-box-title\">\n\t\t\t\t\t<a href=\"https:\/\/ontinardesalz.com\/index.php\/ayuntamiento\/bienvenida\/\" >\n\t\t\t\t\t\tBienvenida\t\t\t\t\t<\/a>\n\t\t\t\t<\/h4>\n\t\t\t\t\t\t\t<\/div>\n\t\t<\/div>\n\t\t\t\t<\/div>\n\t\t\t\t<\/div>\n\t\t\t\t\t<\/div>\n\t\t<\/div>\n\t\t\t\t<div class=\"elementor-column elementor-col-33 elementor-top-column elementor-element elementor-element-1be631a\" data-id=\"1be631a\" data-element_type=\"column\">\n\t\t\t<div class=\"elementor-widget-wrap elementor-element-populated\">\n\t\t\t\t\t\t\t\t<div class=\"elementor-element elementor-element-eee4070 elementor-view-default elementor-mobile-position-top elementor-vertical-align-top elementor-widget elementor-widget-icon-box\" data-id=\"eee4070\" data-element_type=\"widget\" data-widget_type=\"icon-box.default\">\n\t\t\t\t<div class=\"elementor-widget-container\">\n\t\t\t\t\t<div class=\"elementor-icon-box-wrapper\">\n\t\t\t\t\t\t<div class=\"elementor-icon-box-icon\">\n\t\t\t\t<a class=\"elementor-icon elementor-animation-pulse-shrink\" href=\"https:\/\/ontinardesalz.com\/index.php\/organos-de-gobierno\/\">\n\t\t\t\t<i aria-hidden=\"true\" class=\"fas fa-archway\"><\/i>\t\t\t\t<\/a>\n\t\t\t<\/div>\n\t\t\t\t\t\t<div class=\"elementor-icon-box-content\">\n\t\t\t\t<h4 class=\"elementor-icon-box-title\">\n\t\t\t\t\t<a href=\"https:\/\/ontinardesalz.com\/index.php\/organos-de-gobierno\/\" >\n\t\t\t\t\t\t\u00d3rganos de Gobierno\t\t\t\t\t<\/a>\n\t\t\t\t<\/h4>\n\t\t\t\t\t\t\t<\/div>\n\t\t<\/div>\n\t\t\t\t<\/div>\n\t\t\t\t<\/div>\n\t\t\t\t\t<\/div>\n\t\t<\/div>\n\t\t\t\t<div class=\"elementor-column elementor-col-33 elementor-top-column elementor-element elementor-element-320d2e6\" data-id=\"320d2e6\" data-element_type=\"column\">\n\t\t\t<div class=\"elementor-widget-wrap elementor-element-populated\">\n\t\t\t\t\t\t\t\t<div class=\"elementor-element elementor-element-0965cd8 elementor-view-default elementor-mobile-position-top elementor-vertical-align-top elementor-widget elementor-widget-icon-box\" data-id=\"0965cd8\" data-element_type=\"widget\" data-widget_type=\"icon-box.default\">\n\t\t\t\t<div class=\"elementor-widget-container\">\n\t\t\t\t\t<div class=\"elementor-icon-box-wrapper\">\n\t\t\t\t\t\t<div class=\"elementor-icon-box-icon\">\n\t\t\t\t<a class=\"elementor-icon elementor-animation-pulse-shrink\" href=\"https:\/\/ontinardesalz.com\/index.php\/areas\/\">\n\t\t\t\t<i aria-hidden=\"true\" class=\"far fa-folder-open\"><\/i>\t\t\t\t<\/a>\n\t\t\t<\/div>\n\t\t\t\t\t\t<div class=\"elementor-icon-box-content\">\n\t\t\t\t<h4 class=\"elementor-icon-box-title\">\n\t\t\t\t\t<a href=\"https:\/\/ontinardesalz.com\/index.php\/areas\/\" >\n\t\t\t\t\t\t\u00c1reas\t\t\t\t\t<\/a>\n\t\t\t\t<\/h4>\n\t\t\t\t\t\t\t<\/div>\n\t\t<\/div>\n\t\t\t\t<\/div>\n\t\t\t\t<\/div>\n\t\t\t\t\t<\/div>\n\t\t<\/div>\n\t\t\t\t\t\t\t<\/div>\n\t\t<\/section>\n\t\t\t\t\t\t\t<\/div>\n\t\t","protected":false},"excerpt":{"rendered":"<p>Ayuntamiento Saluda del alcalde Ayuntamiento \u00d3rganos de Gobierno Ayuntamiento \u00c1reas Bienvenida \u00d3rganos de Gobierno \u00c1reas<\/p>\n","protected":false},"author":1,"featured_media":0,"parent":0,"menu_order":0,"comment_status":"closed","ping_status":"closed","template":"full-width.php","meta":{"footnotes":""},"class_list":["post-747","page","type-page","status-publish","hentry"],"acf":[],"yoast_head":"<!-- This site is optimized with the Yoast SEO plugin v20.3 - https:\/\/yoast.com\/wordpress\/plugins\/seo\/ -->\n<title>Ayuntamiento - Ayuntamiento Ontinar de Salz<\/title>\n<meta name=\"description\" content=\"Ontinar de Salz es una localidad espa\u00f1ola perteneciente al municipio de Zuera en la provincia de Zaragoza.\" \/>\n<meta name=\"robots\" content=\"index, follow, max-snippet:-1, max-image-preview:large, max-video-preview:-1\" \/>\n<link rel=\"canonical\" href=\"https:\/\/ontinardesalz.com\/index.php\/ayuntamiento\/\" \/>\n<meta property=\"og:locale\" content=\"es_ES\" \/>\n<meta property=\"og:type\" content=\"article\" \/>\n<meta property=\"og:title\" content=\"Ayuntamiento - Ayuntamiento Ontinar de Salz\" \/>\n<meta property=\"og:description\" content=\"Ontinar de Salz es una localidad espa\u00f1ola perteneciente al municipio de Zuera en la provincia de Zaragoza.\" \/>\n<meta property=\"og:url\" content=\"https:\/\/ontinardesalz.com\/index.php\/ayuntamiento\/\" \/>\n<meta property=\"og:site_name\" content=\"Ayuntamiento Ontinar de Salz\" \/>\n<meta property=\"article:publisher\" content=\"https:\/\/www.facebook.com\/Ayuntamiento-Ontinar-de-Salz-107654295995638\/\" \/>\n<meta property=\"article:modified_time\" content=\"2023-06-23T11:14:33+00:00\" \/>\n<meta property=\"og:image\" content=\"https:\/\/ontinardesalz.com\/wp-content\/uploads\/2023\/05\/Alfredo-Gaspar-Cabrero-slider.jpg\" \/>\n<meta name=\"twitter:card\" content=\"summary_large_image\" \/>\n<meta name=\"twitter:label1\" content=\"Tiempo de lectura\" \/>\n\t<meta name=\"twitter:data1\" content=\"1 minuto\" \/>\n<script type=\"application\/ld+json\" class=\"yoast-schema-graph\">{\"@context\":\"https:\/\/schema.org\",\"@graph\":[{\"@type\":\"WebPage\",\"@id\":\"https:\/\/ontinardesalz.com\/index.php\/ayuntamiento\/\",\"url\":\"https:\/\/ontinardesalz.com\/index.php\/ayuntamiento\/\",\"name\":\"Ayuntamiento - Ayuntamiento Ontinar de Salz\",\"isPartOf\":{\"@id\":\"https:\/\/ontinardesalz.com\/#website\"},\"datePublished\":\"2023-03-23T11:18:54+00:00\",\"dateModified\":\"2023-06-23T11:14:33+00:00\",\"description\":\"Ontinar de Salz es una localidad espa\u00f1ola perteneciente al municipio de Zuera en la provincia de Zaragoza.\",\"breadcrumb\":{\"@id\":\"https:\/\/ontinardesalz.com\/index.php\/ayuntamiento\/#breadcrumb\"},\"inLanguage\":\"es\",\"potentialAction\":[{\"@type\":\"ReadAction\",\"target\":[\"https:\/\/ontinardesalz.com\/index.php\/ayuntamiento\/\"]}]},{\"@type\":\"BreadcrumbList\",\"@id\":\"https:\/\/ontinardesalz.com\/index.php\/ayuntamiento\/#breadcrumb\",\"itemListElement\":[{\"@type\":\"ListItem\",\"position\":1,\"name\":\"Inicio\",\"item\":\"https:\/\/ontinardesalz.com\/\"},{\"@type\":\"ListItem\",\"position\":2,\"name\":\"Ayuntamiento\"}]},{\"@type\":\"WebSite\",\"@id\":\"https:\/\/ontinardesalz.com\/#website\",\"url\":\"https:\/\/ontinardesalz.com\/\",\"name\":\"Ayuntamiento Ontinar de Salz\",\"description\":\"\",\"publisher\":{\"@id\":\"https:\/\/ontinardesalz.com\/#organization\"},\"potentialAction\":[{\"@type\":\"SearchAction\",\"target\":{\"@type\":\"EntryPoint\",\"urlTemplate\":\"https:\/\/ontinardesalz.com\/?s={search_term_string}\"},\"query-input\":\"required name=search_term_string\"}],\"inLanguage\":\"es\"},{\"@type\":\"Organization\",\"@id\":\"https:\/\/ontinardesalz.com\/#organization\",\"name\":\"Ayuntamiento Ontinar de Salz\",\"url\":\"https:\/\/ontinardesalz.com\/\",\"logo\":{\"@type\":\"ImageObject\",\"inLanguage\":\"es\",\"@id\":\"https:\/\/ontinardesalz.com\/#\/schema\/logo\/image\/\",\"url\":\"https:\/\/ontinardesalz.com\/wp-content\/uploads\/2023\/04\/cropped-Escudo_Ontinar_de_Salz-Fav.png\",\"contentUrl\":\"https:\/\/ontinardesalz.com\/wp-content\/uploads\/2023\/04\/cropped-Escudo_Ontinar_de_Salz-Fav.png\",\"width\":512,\"height\":512,\"caption\":\"Ayuntamiento Ontinar de Salz\"},\"image\":{\"@id\":\"https:\/\/ontinardesalz.com\/#\/schema\/logo\/image\/\"},\"sameAs\":[\"https:\/\/www.facebook.com\/Ayuntamiento-Ontinar-de-Salz-107654295995638\/\"]}]}<\/script>\n<!-- \/ Yoast SEO plugin. -->","yoast_head_json":{"title":"Ayuntamiento - Ayuntamiento Ontinar de Salz","description":"Ontinar de Salz es una localidad espa\u00f1ola perteneciente al municipio de Zuera en la provincia de Zaragoza.","robots":{"index":"index","follow":"follow","max-snippet":"max-snippet:-1","max-image-preview":"max-image-preview:large","max-video-preview":"max-video-preview:-1"},"canonical":"https:\/\/ontinardesalz.com\/index.php\/ayuntamiento\/","og_locale":"es_ES","og_type":"article","og_title":"Ayuntamiento - Ayuntamiento Ontinar de Salz","og_description":"Ontinar de Salz es una localidad espa\u00f1ola perteneciente al municipio de Zuera en la provincia de Zaragoza.","og_url":"https:\/\/ontinardesalz.com\/index.php\/ayuntamiento\/","og_site_name":"Ayuntamiento Ontinar de Salz","article_publisher":"https:\/\/www.facebook.com\/Ayuntamiento-Ontinar-de-Salz-107654295995638\/","article_modified_time":"2023-06-23T11:14:33+00:00","og_image":[{"url":"https:\/\/ontinardesalz.com\/wp-content\/uploads\/2023\/05\/Alfredo-Gaspar-Cabrero-slider.jpg"}],"twitter_card":"summary_large_image","twitter_misc":{"Tiempo de lectura":"1 minuto"},"schema":{"@context":"https:\/\/schema.org","@graph":[{"@type":"WebPage","@id":"https:\/\/ontinardesalz.com\/index.php\/ayuntamiento\/","url":"https:\/\/ontinardesalz.com\/index.php\/ayuntamiento\/","name":"Ayuntamiento - Ayuntamiento Ontinar de Salz","isPartOf":{"@id":"https:\/\/ontinardesalz.com\/#website"},"datePublished":"2023-03-23T11:18:54+00:00","dateModified":"2023-06-23T11:14:33+00:00","description":"Ontinar de Salz es una localidad espa\u00f1ola perteneciente al municipio de Zuera en la provincia de Zaragoza.","breadcrumb":{"@id":"https:\/\/ontinardesalz.com\/index.php\/ayuntamiento\/#breadcrumb"},"inLanguage":"es","potentialAction":[{"@type":"ReadAction","target":["https:\/\/ontinardesalz.com\/index.php\/ayuntamiento\/"]}]},{"@type":"BreadcrumbList","@id":"https:\/\/ontinardesalz.com\/index.php\/ayuntamiento\/#breadcrumb","itemListElement":[{"@type":"ListItem","position":1,"name":"Inicio","item":"https:\/\/ontinardesalz.com\/"},{"@type":"ListItem","position":2,"name":"Ayuntamiento"}]},{"@type":"WebSite","@id":"https:\/\/ontinardesalz.com\/#website","url":"https:\/\/ontinardesalz.com\/","name":"Ayuntamiento Ontinar de Salz","description":"","publisher":{"@id":"https:\/\/ontinardesalz.com\/#organization"},"potentialAction":[{"@type":"SearchAction","target":{"@type":"EntryPoint","urlTemplate":"https:\/\/ontinardesalz.com\/?s={search_term_string}"},"query-input":"required name=search_term_string"}],"inLanguage":"es"},{"@type":"Organization","@id":"https:\/\/ontinardesalz.com\/#organization","name":"Ayuntamiento Ontinar de Salz","url":"https:\/\/ontinardesalz.com\/","logo":{"@type":"ImageObject","inLanguage":"es","@id":"https:\/\/ontinardesalz.com\/#\/schema\/logo\/image\/","url":"https:\/\/ontinardesalz.com\/wp-content\/uploads\/2023\/04\/cropped-Escudo_Ontinar_de_Salz-Fav.png","contentUrl":"https:\/\/ontinardesalz.com\/wp-content\/uploads\/2023\/04\/cropped-Escudo_Ontinar_de_Salz-Fav.png","width":512,"height":512,"caption":"Ayuntamiento Ontinar de Salz"},"image":{"@id":"https:\/\/ontinardesalz.com\/#\/schema\/logo\/image\/"},"sameAs":["https:\/\/www.facebook.com\/Ayuntamiento-Ontinar-de-Salz-107654295995638\/"]}]}},"_links":{"self":[{"href":"https:\/\/ontinardesalz.com\/index.php\/wp-json\/wp\/v2\/pages\/747","targetHints":{"allow":["GET"]}}],"collection":[{"href":"https:\/\/ontinardesalz.com\/index.php\/wp-json\/wp\/v2\/pages"}],"about":[{"href":"https:\/\/ontinardesalz.com\/index.php\/wp-json\/wp\/v2\/types\/page"}],"author":[{"embeddable":true,"href":"https:\/\/ontinardesalz.com\/index.php\/wp-json\/wp\/v2\/users\/1"}],"replies":[{"embeddable":true,"href":"https:\/\/ontinardesalz.com\/index.php\/wp-json\/wp\/v2\/comments?post=747"}],"version-history":[{"count":59,"href":"https:\/\/ontinardesalz.com\/index.php\/wp-json\/wp\/v2\/pages\/747\/revisions"}],"predecessor-version":[{"id":1745,"href":"https:\/\/ontinardesalz.com\/index.php\/wp-json\/wp\/v2\/pages\/747\/revisions\/1745"}],"wp:attachment":[{"href":"https:\/\/ontinardesalz.com\/index.php\/wp-json\/wp\/v2\/media?parent=747"}],"curies":[{"name":"wp","href":"https:\/\/api.w.org\/{rel}","templated":true}]}}